{"id":942,"date":"2023-08-21T11:02:48","date_gmt":"2023-08-21T11:02:48","guid":{"rendered":"http:\/\/hamburg.portugal.de\/?page_id=942"},"modified":"2023-09-05T07:52:09","modified_gmt":"2023-09-05T07:52:09","slug":"proef-deutschland","status":"publish","type":"page","link":"https:\/\/hamburg.portugal.de\/pt\/portugal-in-hamburg\/investitionen\/proef-deutschland\/","title":{"rendered":"Proef Deutschland"},"content":{"rendered":"<div data-elementor-type=\"wp-page\" data-elementor-id=\"942\" class=\"elementor elementor-942\">\n\t\t\t\t\t\t<section class=\"elementor-section elementor-top-section elementor-element elementor-element-7127861e elementor-section-boxed elementor-section-height-default elementor-section-height-default\" data-id=\"7127861e\" data-element_type=\"section\" data-e-type=\"section\">\n\t\t\t\t\t\t<div class=\"elementor-container elementor-column-gap-default\">\n\t\t\t\t\t<div class=\"elementor-column elementor-col-100 elementor-top-column elementor-element elementor-element-3d4c1dfb\" data-id=\"3d4c1dfb\" data-element_type=\"column\" data-e-type=\"column\">\n\t\t\t<div class=\"elementor-widget-wrap elementor-element-populated\">\n\t\t\t\t\t\t<div class=\"elementor-element elementor-element-34319637 elementor-widget elementor-widget-image\" data-id=\"34319637\" data-element_type=\"widget\" data-e-type=\"widget\" data-widget_type=\"image.default\">\n\t\t\t\t<div class=\"elementor-widget-container\">\n\t\t\t\t\t\t\t\t\t\t\t\t\t\t\t\t<a href=\"http:\/\/www.bree.com\">\n\t\t\t\t\t\t\t<img fetchpriority=\"high\" decoding=\"async\" width=\"300\" height=\"300\" src=\"https:\/\/hamburg.portugal.de\/wp-content\/uploads\/2023\/08\/PROEF-DEUTSCHLAND-GmbH-300x300.png\" class=\"attachment-medium size-medium wp-image-861\" alt=\"\" srcset=\"https:\/\/hamburg.portugal.de\/wp-content\/uploads\/2023\/08\/PROEF-DEUTSCHLAND-GmbH-300x300.png 300w, https:\/\/hamburg.portugal.de\/wp-content\/uploads\/2023\/08\/PROEF-DEUTSCHLAND-GmbH-e1692277107512-150x150.png 150w, https:\/\/hamburg.portugal.de\/wp-content\/uploads\/2023\/08\/PROEF-DEUTSCHLAND-GmbH-e1692277107512-12x12.png 12w, https:\/\/hamburg.portugal.de\/wp-content\/uploads\/2023\/08\/PROEF-DEUTSCHLAND-GmbH-e1692277107512.png 275w\" sizes=\"100vw\" \/>\t\t\t\t\t\t\t\t<\/a>\n\t\t\t\t\t\t\t\t\t\t\t\t\t\t\t<\/div>\n\t\t\t\t<\/div>\n\t\t\t\t\t<\/div>\n\t\t<\/div>\n\t\t\t\t\t<\/div>\n\t\t<\/section>\n\t\t\t\t<section class=\"elementor-section elementor-top-section elementor-element elementor-element-386c9899 elementor-section-boxed elementor-section-height-default elementor-section-height-default\" data-id=\"386c9899\" data-element_type=\"section\" data-e-type=\"section\">\n\t\t\t\t\t\t<div class=\"elementor-container elementor-column-gap-default\">\n\t\t\t\t\t<div class=\"elementor-column elementor-col-50 elementor-top-column elementor-element elementor-element-4a5bca31\" data-id=\"4a5bca31\" data-element_type=\"column\" data-e-type=\"column\">\n\t\t\t<div class=\"elementor-widget-wrap elementor-element-populated\">\n\t\t\t\t\t\t<div class=\"elementor-element elementor-element-7fa23a2f elementor-widget elementor-widget-heading\" data-id=\"7fa23a2f\" data-element_type=\"widget\" data-e-type=\"widget\" data-widget_type=\"heading.default\">\n\t\t\t\t<div class=\"elementor-widget-container\">\n\t\t\t\t\t<h3 class=\"elementor-heading-title elementor-size-default\">... em Portugal<\/h3>\t\t\t\t<\/div>\n\t\t\t\t<\/div>\n\t\t\t\t<div class=\"elementor-element elementor-element-680e014e elementor-widget elementor-widget-text-editor\" data-id=\"680e014e\" data-element_type=\"widget\" data-e-type=\"widget\" data-widget_type=\"text-editor.default\">\n\t\t\t\t<div class=\"elementor-widget-container\">\n\t\t\t\t\t\t\t\t\t<p><strong>Nome: <\/strong>Proef, S.G.P.S., S.A.<strong><br \/><\/strong><\/p><p><strong>Localiza\u00e7\u00e3o: <\/strong>Rua das Condominhas &#8211; 15, 4150-222 Porto<strong><br \/><\/strong><\/p><p><strong style=\"font-family: var( --e-global-typography-text-font-family ), Sans-serif;\">Setor: <\/strong>Servi\u00e7os e Distribui\u00e7\u00e3o - Servi\u00e7os Partilhados ou de Suporte<br \/><strong style=\"font-family: var( --e-global-typography-text-font-family ), Sans-serif;\"><br \/><\/strong><\/p>\t\t\t\t\t\t\t\t<\/div>\n\t\t\t\t<\/div>\n\t\t\t\t\t<\/div>\n\t\t<\/div>\n\t\t\t\t<div class=\"elementor-column elementor-col-50 elementor-top-column elementor-element elementor-element-ab76fda\" data-id=\"ab76fda\" data-element_type=\"column\" data-e-type=\"column\">\n\t\t\t<div class=\"elementor-widget-wrap elementor-element-populated\">\n\t\t\t\t\t\t<div class=\"elementor-element elementor-element-1b1e3689 elementor-widget elementor-widget-heading\" data-id=\"1b1e3689\" data-element_type=\"widget\" data-e-type=\"widget\" data-widget_type=\"heading.default\">\n\t\t\t\t<div class=\"elementor-widget-container\">\n\t\t\t\t\t<h3 class=\"elementor-heading-title elementor-size-default\">... na Alemanha<\/h3>\t\t\t\t<\/div>\n\t\t\t\t<\/div>\n\t\t\t\t<div class=\"elementor-element elementor-element-1cb6a7c2 elementor-widget elementor-widget-text-editor\" data-id=\"1cb6a7c2\" data-element_type=\"widget\" data-e-type=\"widget\" data-widget_type=\"text-editor.default\">\n\t\t\t\t<div class=\"elementor-widget-container\">\n\t\t\t\t\t\t\t\t\t<p><strong>Nome:<\/strong> Proef Deutschland GmbH<strong><br \/><\/strong><\/p><p><strong>Localiza\u00e7\u00e3o: <\/strong>Winsbergring 3B, 22525 Hamburg<strong><br \/><\/strong><\/p><p><strong>Setor:<\/strong> Energia e Ambiente - Outros<br \/><strong><br \/><\/strong><\/p>\t\t\t\t\t\t\t\t<\/div>\n\t\t\t\t<\/div>\n\t\t\t\t\t<\/div>\n\t\t<\/div>\n\t\t\t\t\t<\/div>\n\t\t<\/section>\n\t\t\t\t<section class=\"elementor-section elementor-top-section elementor-element elementor-element-2c1f230e elementor-section-boxed elementor-section-height-default elementor-section-height-default\" data-id=\"2c1f230e\" data-element_type=\"section\" data-e-type=\"section\">\n\t\t\t\t\t\t<div class=\"elementor-container elementor-column-gap-default\">\n\t\t\t\t\t<div class=\"elementor-column elementor-col-50 elementor-top-column elementor-element elementor-element-1ac7407e\" data-id=\"1ac7407e\" data-element_type=\"column\" data-e-type=\"column\">\n\t\t\t<div class=\"elementor-widget-wrap elementor-element-populated\">\n\t\t\t\t\t\t<div class=\"elementor-element elementor-element-3763d091 elementor-align-left elementor-widget elementor-widget-button\" data-id=\"3763d091\" data-element_type=\"widget\" data-e-type=\"widget\" data-widget_type=\"button.default\">\n\t\t\t\t<div class=\"elementor-widget-container\">\n\t\t\t\t\t\t\t\t\t<div class=\"elementor-button-wrapper\">\n\t\t\t\t\t<a class=\"elementor-button elementor-button-link elementor-size-sm\" href=\"https:\/\/proef.com\/pt\/\" target=\"_blank\">\n\t\t\t\t\t\t<span class=\"elementor-button-content-wrapper\">\n\t\t\t\t\t\t\t\t\t<span class=\"elementor-button-text\">Website<\/span>\n\t\t\t\t\t<\/span>\n\t\t\t\t\t<\/a>\n\t\t\t\t<\/div>\n\t\t\t\t\t\t\t\t<\/div>\n\t\t\t\t<\/div>\n\t\t\t\t\t<\/div>\n\t\t<\/div>\n\t\t\t\t<div class=\"elementor-column elementor-col-50 elementor-top-column elementor-element elementor-element-ed1366b\" data-id=\"ed1366b\" data-element_type=\"column\" data-e-type=\"column\">\n\t\t\t<div class=\"elementor-widget-wrap elementor-element-populated\">\n\t\t\t\t\t\t<div class=\"elementor-element elementor-element-6261f0a3 elementor-align-left elementor-widget elementor-widget-button\" data-id=\"6261f0a3\" data-element_type=\"widget\" data-e-type=\"widget\" data-widget_type=\"button.default\">\n\t\t\t\t<div class=\"elementor-widget-container\">\n\t\t\t\t\t\t\t\t\t<div class=\"elementor-button-wrapper\">\n\t\t\t\t\t<a class=\"elementor-button elementor-button-link elementor-size-sm\" href=\"https:\/\/proef.com\/de\/\" target=\"_blank\">\n\t\t\t\t\t\t<span class=\"elementor-button-content-wrapper\">\n\t\t\t\t\t\t\t\t\t<span class=\"elementor-button-text\">Website<\/span>\n\t\t\t\t\t<\/span>\n\t\t\t\t\t<\/a>\n\t\t\t\t<\/div>\n\t\t\t\t\t\t\t\t<\/div>\n\t\t\t\t<\/div>\n\t\t\t\t\t<\/div>\n\t\t<\/div>\n\t\t\t\t\t<\/div>\n\t\t<\/section>\n\t\t\t\t<\/div>","protected":false},"excerpt":{"rendered":"<p>&#8230; in Portugal Name: Proef, S.G.P.S., S.A. Standort: Rua das Condominhas &#8211; 15, 4150-222 Porto Branche: Dienstleistungen und Vertrieb &#8211; Gemeinsame oder unterst\u00fctzende Dienste &#8230; in Deutschland Name: Proef Deutschland GmbH Standort: Winsbergring 3B, 22525 Hamburg Branche: Energie und Umwelt &#8211; Sonstiges Website Website<\/p>","protected":false},"author":2,"featured_media":0,"parent":845,"menu_order":0,"comment_status":"closed","ping_status":"closed","template":"","meta":{"inspiro_hide_title":false,"footnotes":""},"class_list":["post-942","page","type-page","status-publish","hentry"],"_links":{"self":[{"href":"https:\/\/hamburg.portugal.de\/pt\/wp-json\/wp\/v2\/pages\/942","targetHints":{"allow":["GET"]}}],"collection":[{"href":"https:\/\/hamburg.portugal.de\/pt\/wp-json\/wp\/v2\/pages"}],"about":[{"href":"https:\/\/hamburg.portugal.de\/pt\/wp-json\/wp\/v2\/types\/page"}],"author":[{"embeddable":true,"href":"https:\/\/hamburg.portugal.de\/pt\/wp-json\/wp\/v2\/users\/2"}],"replies":[{"embeddable":true,"href":"https:\/\/hamburg.portugal.de\/pt\/wp-json\/wp\/v2\/comments?post=942"}],"version-history":[{"count":14,"href":"https:\/\/hamburg.portugal.de\/pt\/wp-json\/wp\/v2\/pages\/942\/revisions"}],"predecessor-version":[{"id":1248,"href":"https:\/\/hamburg.portugal.de\/pt\/wp-json\/wp\/v2\/pages\/942\/revisions\/1248"}],"up":[{"embeddable":true,"href":"https:\/\/hamburg.portugal.de\/pt\/wp-json\/wp\/v2\/pages\/845"}],"wp:attachment":[{"href":"https:\/\/hamburg.portugal.de\/pt\/wp-json\/wp\/v2\/media?parent=942"}],"curies":[{"name":"wp","href":"https:\/\/api.w.org\/{rel}","templated":true}]}}