{"id":865,"date":"2023-08-17T12:59:33","date_gmt":"2023-08-17T12:59:33","guid":{"rendered":"https:\/\/hamburg.portugal.de\/?page_id=865"},"modified":"2023-09-05T07:47:58","modified_gmt":"2023-09-05T07:47:58","slug":"bree-since-1970-2","status":"publish","type":"page","link":"https:\/\/hamburg.portugal.de\/pt\/portugal-in-hamburg\/investitionen\/bree-since-1970-2\/","title":{"rendered":"Bree &#8211; since 1970"},"content":{"rendered":"<div data-elementor-type=\"wp-page\" data-elementor-id=\"865\" class=\"elementor elementor-865\">\n\t\t\t\t\t\t<section class=\"elementor-section elementor-top-section elementor-element elementor-element-60334ac elementor-section-boxed elementor-section-height-default elementor-section-height-default\" data-id=\"60334ac\" data-element_type=\"section\" data-e-type=\"section\">\n\t\t\t\t\t\t<div class=\"elementor-container elementor-column-gap-default\">\n\t\t\t\t\t<div class=\"elementor-column elementor-col-100 elementor-top-column elementor-element elementor-element-2ac9ed4\" data-id=\"2ac9ed4\" data-element_type=\"column\" data-e-type=\"column\">\n\t\t\t<div class=\"elementor-widget-wrap elementor-element-populated\">\n\t\t\t\t\t\t<div class=\"elementor-element elementor-element-8583588 elementor-widget elementor-widget-image\" data-id=\"8583588\" data-element_type=\"widget\" data-e-type=\"widget\" data-widget_type=\"image.default\">\n\t\t\t\t<div class=\"elementor-widget-container\">\n\t\t\t\t\t\t\t\t\t\t\t\t\t\t\t\t<a href=\"http:\/\/www.bree.com\">\n\t\t\t\t\t\t\t<img fetchpriority=\"high\" decoding=\"async\" width=\"300\" height=\"300\" src=\"https:\/\/hamburg.portugal.de\/wp-content\/uploads\/2023\/08\/bree-since-1970-300x300.png\" class=\"attachment-medium size-medium wp-image-858\" alt=\"\" srcset=\"https:\/\/hamburg.portugal.de\/wp-content\/uploads\/2023\/08\/bree-since-1970-300x300.png 300w, https:\/\/hamburg.portugal.de\/wp-content\/uploads\/2023\/08\/bree-since-1970-1024x1024.png 1024w, https:\/\/hamburg.portugal.de\/wp-content\/uploads\/2023\/08\/bree-since-1970-e1692276770564-150x150.png 150w, https:\/\/hamburg.portugal.de\/wp-content\/uploads\/2023\/08\/bree-since-1970-768x768.png 768w, https:\/\/hamburg.portugal.de\/wp-content\/uploads\/2023\/08\/bree-since-1970-e1692276770564-12x12.png 12w, https:\/\/hamburg.portugal.de\/wp-content\/uploads\/2023\/08\/bree-since-1970-e1692276770564.png 275w\" sizes=\"100vw\" \/>\t\t\t\t\t\t\t\t<\/a>\n\t\t\t\t\t\t\t\t\t\t\t\t\t\t\t<\/div>\n\t\t\t\t<\/div>\n\t\t\t\t\t<\/div>\n\t\t<\/div>\n\t\t\t\t\t<\/div>\n\t\t<\/section>\n\t\t\t\t<section class=\"elementor-section elementor-top-section elementor-element elementor-element-c16dc3b elementor-section-boxed elementor-section-height-default elementor-section-height-default\" data-id=\"c16dc3b\" data-element_type=\"section\" data-e-type=\"section\">\n\t\t\t\t\t\t<div class=\"elementor-container elementor-column-gap-default\">\n\t\t\t\t\t<div class=\"elementor-column elementor-col-50 elementor-top-column elementor-element elementor-element-9d1efbc\" data-id=\"9d1efbc\" data-element_type=\"column\" data-e-type=\"column\">\n\t\t\t<div class=\"elementor-widget-wrap elementor-element-populated\">\n\t\t\t\t\t\t<div class=\"elementor-element elementor-element-77c67d0 elementor-widget elementor-widget-heading\" data-id=\"77c67d0\" data-element_type=\"widget\" data-e-type=\"widget\" data-widget_type=\"heading.default\">\n\t\t\t\t<div class=\"elementor-widget-container\">\n\t\t\t\t\t<h3 class=\"elementor-heading-title elementor-size-default\">... em Portugal<\/h3>\t\t\t\t<\/div>\n\t\t\t\t<\/div>\n\t\t\t\t<div class=\"elementor-element elementor-element-8d76fd5 elementor-widget elementor-widget-text-editor\" data-id=\"8d76fd5\" data-element_type=\"widget\" data-e-type=\"widget\" data-widget_type=\"text-editor.default\">\n\t\t\t\t<div class=\"elementor-widget-container\">\n\t\t\t\t\t\t\t\t\t<p><strong>Nome: <\/strong>Coindu &#8211; Componentes para a Ind\u00fastria Autom\u00f3vel, S.A.<\/p><p><strong>Localiza\u00e7\u00e3o: <\/strong>Transversal \u00e0 Rua do Rio Pele 100, 4770-217 Joane<\/p><p><strong style=\"font-family: var( --e-global-typography-text-font-family ), Sans-serif;\">Setor: <\/strong>Ve\u00edculos e Componentes \u2013 Componentes para a Ind\u00fastria Autom\u00f3vel<\/p>\t\t\t\t\t\t\t\t<\/div>\n\t\t\t\t<\/div>\n\t\t\t\t\t<\/div>\n\t\t<\/div>\n\t\t\t\t<div class=\"elementor-column elementor-col-50 elementor-top-column elementor-element elementor-element-8a098bb\" data-id=\"8a098bb\" data-element_type=\"column\" data-e-type=\"column\">\n\t\t\t<div class=\"elementor-widget-wrap elementor-element-populated\">\n\t\t\t\t\t\t<div class=\"elementor-element elementor-element-f88e9b4 elementor-widget elementor-widget-heading\" data-id=\"f88e9b4\" data-element_type=\"widget\" data-e-type=\"widget\" data-widget_type=\"heading.default\">\n\t\t\t\t<div class=\"elementor-widget-container\">\n\t\t\t\t\t<h3 class=\"elementor-heading-title elementor-size-default\">... na Alemanha<\/h3>\t\t\t\t<\/div>\n\t\t\t\t<\/div>\n\t\t\t\t<div class=\"elementor-element elementor-element-c7f179d elementor-widget elementor-widget-text-editor\" data-id=\"c7f179d\" data-element_type=\"widget\" data-e-type=\"widget\" data-widget_type=\"text-editor.default\">\n\t\t\t\t<div class=\"elementor-widget-container\">\n\t\t\t\t\t\t\t\t\t<p><strong>Nome: <\/strong>Bree &#8211; since 1970<\/p><p><strong>Localiza\u00e7\u00e3o: <\/strong>Paul-Dessau-Str. 8, 22761 Hamburg<\/p><p><strong>Setor: <\/strong>Moda - Marroquinaria<\/p>\t\t\t\t\t\t\t\t<\/div>\n\t\t\t\t<\/div>\n\t\t\t\t\t<\/div>\n\t\t<\/div>\n\t\t\t\t\t<\/div>\n\t\t<\/section>\n\t\t\t\t<section class=\"elementor-section elementor-top-section elementor-element elementor-element-232ba08 elementor-section-boxed elementor-section-height-default elementor-section-height-default\" data-id=\"232ba08\" data-element_type=\"section\" data-e-type=\"section\">\n\t\t\t\t\t\t<div class=\"elementor-container elementor-column-gap-default\">\n\t\t\t\t\t<div class=\"elementor-column elementor-col-50 elementor-top-column elementor-element elementor-element-1697a9e\" data-id=\"1697a9e\" data-element_type=\"column\" data-e-type=\"column\">\n\t\t\t<div class=\"elementor-widget-wrap elementor-element-populated\">\n\t\t\t\t\t\t<div class=\"elementor-element elementor-element-3cbde16 elementor-align-left elementor-widget elementor-widget-button\" data-id=\"3cbde16\" data-element_type=\"widget\" data-e-type=\"widget\" data-widget_type=\"button.default\">\n\t\t\t\t<div class=\"elementor-widget-container\">\n\t\t\t\t\t\t\t\t\t<div class=\"elementor-button-wrapper\">\n\t\t\t\t\t<a class=\"elementor-button elementor-button-link elementor-size-sm\" href=\"https:\/\/coindu.com\/\" target=\"_blank\">\n\t\t\t\t\t\t<span class=\"elementor-button-content-wrapper\">\n\t\t\t\t\t\t\t\t\t<span class=\"elementor-button-text\">Website<\/span>\n\t\t\t\t\t<\/span>\n\t\t\t\t\t<\/a>\n\t\t\t\t<\/div>\n\t\t\t\t\t\t\t\t<\/div>\n\t\t\t\t<\/div>\n\t\t\t\t\t<\/div>\n\t\t<\/div>\n\t\t\t\t<div class=\"elementor-column elementor-col-50 elementor-top-column elementor-element elementor-element-febcb86\" data-id=\"febcb86\" data-element_type=\"column\" data-e-type=\"column\">\n\t\t\t<div class=\"elementor-widget-wrap elementor-element-populated\">\n\t\t\t\t\t\t<div class=\"elementor-element elementor-element-2bde3d2 elementor-align-left elementor-widget elementor-widget-button\" data-id=\"2bde3d2\" data-element_type=\"widget\" data-e-type=\"widget\" data-widget_type=\"button.default\">\n\t\t\t\t<div class=\"elementor-widget-container\">\n\t\t\t\t\t\t\t\t\t<div class=\"elementor-button-wrapper\">\n\t\t\t\t\t<a class=\"elementor-button elementor-button-link elementor-size-sm\" href=\"https:\/\/www.bree.com\" target=\"_blank\">\n\t\t\t\t\t\t<span class=\"elementor-button-content-wrapper\">\n\t\t\t\t\t\t\t\t\t<span class=\"elementor-button-text\">Website<\/span>\n\t\t\t\t\t<\/span>\n\t\t\t\t\t<\/a>\n\t\t\t\t<\/div>\n\t\t\t\t\t\t\t\t<\/div>\n\t\t\t\t<\/div>\n\t\t\t\t\t<\/div>\n\t\t<\/div>\n\t\t\t\t\t<\/div>\n\t\t<\/section>\n\t\t\t\t<\/div>","protected":false},"excerpt":{"rendered":"<p>&#8230; in Portugal Name: Coindu &#8211; Componentes para a Ind\u00fastria Autom\u00f3vel, S.A. Standort: Transversal \u00e0 Rua do Rio Pele 100, 4770-217 Joane Branche: Fahrzeuge und Komponenten &#8211; Komponenten f\u00fcr die Automobilindustrie &#8230; in Deutschland Name: Bree &#8211; since 1970 Standort: Paul-Dessau-Str. 8, 22761 Hamburg Branche: Mode &#8211; Lederwaren Website Website<\/p>","protected":false},"author":2,"featured_media":0,"parent":845,"menu_order":0,"comment_status":"closed","ping_status":"closed","template":"","meta":{"inspiro_hide_title":false,"footnotes":""},"class_list":["post-865","page","type-page","status-publish","hentry"],"_links":{"self":[{"href":"https:\/\/hamburg.portugal.de\/pt\/wp-json\/wp\/v2\/pages\/865","targetHints":{"allow":["GET"]}}],"collection":[{"href":"https:\/\/hamburg.portugal.de\/pt\/wp-json\/wp\/v2\/pages"}],"about":[{"href":"https:\/\/hamburg.portugal.de\/pt\/wp-json\/wp\/v2\/types\/page"}],"author":[{"embeddable":true,"href":"https:\/\/hamburg.portugal.de\/pt\/wp-json\/wp\/v2\/users\/2"}],"replies":[{"embeddable":true,"href":"https:\/\/hamburg.portugal.de\/pt\/wp-json\/wp\/v2\/comments?post=865"}],"version-history":[{"count":63,"href":"https:\/\/hamburg.portugal.de\/pt\/wp-json\/wp\/v2\/pages\/865\/revisions"}],"predecessor-version":[{"id":1239,"href":"https:\/\/hamburg.portugal.de\/pt\/wp-json\/wp\/v2\/pages\/865\/revisions\/1239"}],"up":[{"embeddable":true,"href":"https:\/\/hamburg.portugal.de\/pt\/wp-json\/wp\/v2\/pages\/845"}],"wp:attachment":[{"href":"https:\/\/hamburg.portugal.de\/pt\/wp-json\/wp\/v2\/media?parent=865"}],"curies":[{"name":"wp","href":"https:\/\/api.w.org\/{rel}","templated":true}]}}