{"id":13,"date":"2023-08-08T14:53:58","date_gmt":"2023-08-08T14:53:58","guid":{"rendered":"http:\/\/hamburg.portugal.de\/?page_id=13"},"modified":"2023-09-05T10:16:50","modified_gmt":"2023-09-05T10:16:50","slug":"portugal-in-hamburg","status":"publish","type":"page","link":"https:\/\/hamburg.portugal.de\/pt\/","title":{"rendered":"Portugal em Hamburgo"},"content":{"rendered":"<div data-elementor-type=\"wp-page\" data-elementor-id=\"13\" class=\"elementor elementor-13\">\n\t\t\t\t\t\t<section class=\"elementor-section elementor-top-section elementor-element elementor-element-5461f9b6 elementor-section-full_width elementor-section-content-middle elementor-section-height-default elementor-section-height-default\" data-id=\"5461f9b6\" data-element_type=\"section\" data-e-type=\"section\">\n\t\t\t\t\t\t<div class=\"elementor-container elementor-column-gap-wide\">\n\t\t\t\t\t<div class=\"elementor-column elementor-col-33 elementor-top-column elementor-element elementor-element-19c00cf3\" data-id=\"19c00cf3\" data-element_type=\"column\" data-e-type=\"column\">\n\t\t\t<div class=\"elementor-widget-wrap elementor-element-populated\">\n\t\t\t\t\t\t<div class=\"elementor-element elementor-element-1f08f38 elementor-widget elementor-widget-image\" data-id=\"1f08f38\" data-element_type=\"widget\" data-e-type=\"widget\" data-settings=\"{&quot;_animation&quot;:&quot;none&quot;}\" data-widget_type=\"image.default\">\n\t\t\t\t<div class=\"elementor-widget-container\">\n\t\t\t\t\t\t\t\t\t\t\t\t\t\t\t\t<a href=\"https:\/\/hamburg.portugal.de\/pt\/portugal-in-hamburg\/netzwerk\/\">\n\t\t\t\t\t\t\t<img fetchpriority=\"high\" decoding=\"async\" width=\"240\" height=\"360\" src=\"https:\/\/hamburg.portugal.de\/wp-content\/uploads\/2023\/08\/netzwerk-1.png\" class=\"attachment-full size-full wp-image-1015\" alt=\"\" srcset=\"https:\/\/hamburg.portugal.de\/wp-content\/uploads\/2023\/08\/netzwerk-1.png 240w, https:\/\/hamburg.portugal.de\/wp-content\/uploads\/2023\/08\/netzwerk-1-200x300.png 200w, https:\/\/hamburg.portugal.de\/wp-content\/uploads\/2023\/08\/netzwerk-1-8x12.png 8w\" sizes=\"100vw\" \/>\t\t\t\t\t\t\t\t<\/a>\n\t\t\t\t\t\t\t\t\t\t\t\t\t\t\t<\/div>\n\t\t\t\t<\/div>\n\t\t\t\t<div class=\"elementor-element elementor-element-223a6f7e elementor-absolute elementor-invisible elementor-widget elementor-widget-heading\" data-id=\"223a6f7e\" data-element_type=\"widget\" data-e-type=\"widget\" data-settings=\"{&quot;_position&quot;:&quot;absolute&quot;,&quot;_animation&quot;:&quot;fadeIn&quot;,&quot;_animation_delay&quot;:50}\" data-widget_type=\"heading.default\">\n\t\t\t\t<div class=\"elementor-widget-container\">\n\t\t\t\t\t<h2 class=\"elementor-heading-title elementor-size-default\"><a href=\"https:\/\/hamburg.portugal.de\/pt\/portugal-in-hamburg\/netzwerk\/\">Rede<\/a><\/h2>\t\t\t\t<\/div>\n\t\t\t\t<\/div>\n\t\t\t\t<div class=\"elementor-element elementor-element-5b8cb2a3 elementor-absolute elementor-invisible elementor-widget elementor-widget-heading\" data-id=\"5b8cb2a3\" data-element_type=\"widget\" data-e-type=\"widget\" data-settings=\"{&quot;_position&quot;:&quot;absolute&quot;,&quot;_animation&quot;:&quot;fadeIn&quot;,&quot;_animation_delay&quot;:100}\" data-widget_type=\"heading.default\">\n\t\t\t\t<div class=\"elementor-widget-container\">\n\t\t\t\t\t<div class=\"elementor-heading-title elementor-size-default\"><a href=\"https:\/\/hamburg.portugal.de\/pt\/portugal-in-hamburg\/netzwerk\/\">Institui\u00e7\u00f5es<\/a><\/div>\t\t\t\t<\/div>\n\t\t\t\t<\/div>\n\t\t\t\t\t<\/div>\n\t\t<\/div>\n\t\t\t\t<div class=\"elementor-column elementor-col-33 elementor-top-column elementor-element elementor-element-49b847d8\" data-id=\"49b847d8\" data-element_type=\"column\" data-e-type=\"column\">\n\t\t\t<div class=\"elementor-widget-wrap elementor-element-populated\">\n\t\t\t\t\t\t<div class=\"elementor-element elementor-element-a52ede5 elementor-widget elementor-widget-image\" data-id=\"a52ede5\" data-element_type=\"widget\" data-e-type=\"widget\" data-settings=\"{&quot;_animation&quot;:&quot;none&quot;}\" data-widget_type=\"image.default\">\n\t\t\t\t<div class=\"elementor-widget-container\">\n\t\t\t\t\t\t\t\t\t\t\t\t\t\t\t\t<a href=\"https:\/\/hamburg.portugal.de\/pt\/portugal-in-hamburg\/investitionen\/\">\n\t\t\t\t\t\t\t<img decoding=\"async\" width=\"240\" height=\"360\" src=\"https:\/\/hamburg.portugal.de\/wp-content\/uploads\/2023\/08\/investitionen-scaled-e1692693143625-1.jpg\" class=\"attachment-full size-full wp-image-1016\" alt=\"\" srcset=\"https:\/\/hamburg.portugal.de\/wp-content\/uploads\/2023\/08\/investitionen-scaled-e1692693143625-1.jpg 240w, https:\/\/hamburg.portugal.de\/wp-content\/uploads\/2023\/08\/investitionen-scaled-e1692693143625-1-200x300.jpg 200w, https:\/\/hamburg.portugal.de\/wp-content\/uploads\/2023\/08\/investitionen-scaled-e1692693143625-1-8x12.jpg 8w\" sizes=\"100vw\" \/>\t\t\t\t\t\t\t\t<\/a>\n\t\t\t\t\t\t\t\t\t\t\t\t\t\t\t<\/div>\n\t\t\t\t<\/div>\n\t\t\t\t<div class=\"elementor-element elementor-element-31aa6be7 elementor-absolute elementor-invisible elementor-widget elementor-widget-heading\" data-id=\"31aa6be7\" data-element_type=\"widget\" data-e-type=\"widget\" data-settings=\"{&quot;_position&quot;:&quot;absolute&quot;,&quot;_animation&quot;:&quot;fadeIn&quot;,&quot;_animation_delay&quot;:50}\" data-widget_type=\"heading.default\">\n\t\t\t\t<div class=\"elementor-widget-container\">\n\t\t\t\t\t<h2 class=\"elementor-heading-title elementor-size-default\"><a href=\"https:\/\/hamburg.portugal.de\/pt\/portugal-in-hamburg\/investitionen\/\">Investimento<\/a><\/h2>\t\t\t\t<\/div>\n\t\t\t\t<\/div>\n\t\t\t\t<div class=\"elementor-element elementor-element-2fc9dd81 elementor-absolute elementor-invisible elementor-widget elementor-widget-heading\" data-id=\"2fc9dd81\" data-element_type=\"widget\" data-e-type=\"widget\" data-settings=\"{&quot;_position&quot;:&quot;absolute&quot;,&quot;_animation&quot;:&quot;fadeIn&quot;,&quot;_animation_delay&quot;:100}\" data-widget_type=\"heading.default\">\n\t\t\t\t<div class=\"elementor-widget-container\">\n\t\t\t\t\t<div class=\"elementor-heading-title elementor-size-default\"><a href=\"https:\/\/hamburg.portugal.de\/pt\/portugal-in-hamburg\/investitionen\/\">Empresas<\/a><\/div>\t\t\t\t<\/div>\n\t\t\t\t<\/div>\n\t\t\t\t\t<\/div>\n\t\t<\/div>\n\t\t\t\t<div class=\"elementor-column elementor-col-33 elementor-top-column elementor-element elementor-element-6a663b2b\" data-id=\"6a663b2b\" data-element_type=\"column\" data-e-type=\"column\">\n\t\t\t<div class=\"elementor-widget-wrap elementor-element-populated\">\n\t\t\t\t\t\t<div class=\"elementor-element elementor-element-7ad1bc28 elementor-widget elementor-widget-image\" data-id=\"7ad1bc28\" data-element_type=\"widget\" data-e-type=\"widget\" data-settings=\"{&quot;_animation&quot;:&quot;none&quot;}\" data-widget_type=\"image.default\">\n\t\t\t\t<div class=\"elementor-widget-container\">\n\t\t\t\t\t\t\t\t\t\t\t\t\t\t\t\t<a href=\"https:\/\/hamburg.portugal.de\/pt\/portugal-in-hamburg\/essen-trinken\/\">\n\t\t\t\t\t\t\t<img decoding=\"async\" width=\"240\" height=\"360\" src=\"https:\/\/hamburg.portugal.de\/wp-content\/uploads\/2023\/08\/essen_und_trinken-1.png\" class=\"attachment-full size-full wp-image-1017\" alt=\"\" srcset=\"https:\/\/hamburg.portugal.de\/wp-content\/uploads\/2023\/08\/essen_und_trinken-1.png 240w, https:\/\/hamburg.portugal.de\/wp-content\/uploads\/2023\/08\/essen_und_trinken-1-200x300.png 200w, https:\/\/hamburg.portugal.de\/wp-content\/uploads\/2023\/08\/essen_und_trinken-1-8x12.png 8w\" sizes=\"100vw\" \/>\t\t\t\t\t\t\t\t<\/a>\n\t\t\t\t\t\t\t\t\t\t\t\t\t\t\t<\/div>\n\t\t\t\t<\/div>\n\t\t\t\t<div class=\"elementor-element elementor-element-4aad4581 elementor-absolute elementor-invisible elementor-widget elementor-widget-heading\" data-id=\"4aad4581\" data-element_type=\"widget\" data-e-type=\"widget\" data-settings=\"{&quot;_position&quot;:&quot;absolute&quot;,&quot;_animation&quot;:&quot;fadeIn&quot;,&quot;_animation_delay&quot;:100}\" data-widget_type=\"heading.default\">\n\t\t\t\t<div class=\"elementor-widget-container\">\n\t\t\t\t\t<div class=\"elementor-heading-title elementor-size-default\"><a href=\"https:\/\/hamburg.portugal.de\/pt\/portugal-in-hamburg\/essen-trinken\/\">Restaurants, Caf\u00e9s &amp; Lebensmittel<\/a><\/div>\t\t\t\t<\/div>\n\t\t\t\t<\/div>\n\t\t\t\t<div class=\"elementor-element elementor-element-4c280847 elementor-absolute elementor-invisible elementor-widget elementor-widget-heading\" data-id=\"4c280847\" data-element_type=\"widget\" data-e-type=\"widget\" data-settings=\"{&quot;_position&quot;:&quot;absolute&quot;,&quot;_animation&quot;:&quot;fadeIn&quot;,&quot;_animation_delay&quot;:50}\" data-widget_type=\"heading.default\">\n\t\t\t\t<div class=\"elementor-widget-container\">\n\t\t\t\t\t<h2 class=\"elementor-heading-title elementor-size-default\"><a href=\"https:\/\/hamburg.portugal.de\/pt\/portugal-in-hamburg\/essen-trinken\/\">Essen &amp; Trinken<\/a><\/h2>\t\t\t\t<\/div>\n\t\t\t\t<\/div>\n\t\t\t\t\t<\/div>\n\t\t<\/div>\n\t\t\t\t\t<\/div>\n\t\t<\/section>\n\t\t\t\t<section class=\"elementor-section elementor-top-section elementor-element elementor-element-8f4f0a3 elementor-section-full_width elementor-section-content-middle elementor-section-height-default elementor-section-height-default\" data-id=\"8f4f0a3\" data-element_type=\"section\" data-e-type=\"section\">\n\t\t\t\t\t\t<div class=\"elementor-container elementor-column-gap-wide\">\n\t\t\t\t\t<div class=\"elementor-column elementor-col-20 elementor-top-column elementor-element elementor-element-3e7aa2a4\" data-id=\"3e7aa2a4\" data-element_type=\"column\" data-e-type=\"column\">\n\t\t\t<div class=\"elementor-widget-wrap elementor-element-populated\">\n\t\t\t\t\t\t<div class=\"elementor-element elementor-element-38e7e08a elementor-absolute elementor-invisible elementor-widget elementor-widget-heading\" data-id=\"38e7e08a\" data-element_type=\"widget\" data-e-type=\"widget\" data-settings=\"{&quot;_position&quot;:&quot;absolute&quot;,&quot;_animation&quot;:&quot;fadeIn&quot;,&quot;_animation_delay&quot;:100}\" data-widget_type=\"heading.default\">\n\t\t\t\t<div class=\"elementor-widget-container\">\n\t\t\t\t\t<div class=\"elementor-heading-title elementor-size-default\"><a href=\"https:\/\/hamburg.portugal.de\/pt\/portugal-in-hamburg\/andere\/\">Locais de Interesse<\/a><\/div>\t\t\t\t<\/div>\n\t\t\t\t<\/div>\n\t\t\t\t\t<\/div>\n\t\t<\/div>\n\t\t\t\t<div class=\"elementor-column elementor-col-20 elementor-top-column elementor-element elementor-element-490ec607\" data-id=\"490ec607\" data-element_type=\"column\" data-e-type=\"column\">\n\t\t\t<div class=\"elementor-widget-wrap elementor-element-populated\">\n\t\t\t\t\t\t<div class=\"elementor-element elementor-element-4a99d577 elementor-widget elementor-widget-image\" data-id=\"4a99d577\" data-element_type=\"widget\" data-e-type=\"widget\" data-settings=\"{&quot;_animation&quot;:&quot;none&quot;}\" data-widget_type=\"image.default\">\n\t\t\t\t<div class=\"elementor-widget-container\">\n\t\t\t\t\t\t\t\t\t\t\t\t\t\t\t\t<a href=\"https:\/\/hamburg.portugal.de\/pt\/portugal-in-hamburg\/bildung-kultur\/\">\n\t\t\t\t\t\t\t<img loading=\"lazy\" decoding=\"async\" width=\"240\" height=\"360\" src=\"https:\/\/hamburg.portugal.de\/wp-content\/uploads\/2023\/08\/bildung-1.png\" class=\"attachment-full size-full wp-image-1018\" alt=\"\" srcset=\"https:\/\/hamburg.portugal.de\/wp-content\/uploads\/2023\/08\/bildung-1.png 240w, https:\/\/hamburg.portugal.de\/wp-content\/uploads\/2023\/08\/bildung-1-200x300.png 200w, https:\/\/hamburg.portugal.de\/wp-content\/uploads\/2023\/08\/bildung-1-8x12.png 8w\" sizes=\"100vw\" \/>\t\t\t\t\t\t\t\t<\/a>\n\t\t\t\t\t\t\t\t\t\t\t\t\t\t\t<\/div>\n\t\t\t\t<\/div>\n\t\t\t\t<div class=\"elementor-element elementor-element-22fef98b elementor-absolute elementor-invisible elementor-widget elementor-widget-heading\" data-id=\"22fef98b\" data-element_type=\"widget\" data-e-type=\"widget\" data-settings=\"{&quot;_position&quot;:&quot;absolute&quot;,&quot;_animation&quot;:&quot;fadeIn&quot;,&quot;_animation_delay&quot;:50}\" data-widget_type=\"heading.default\">\n\t\t\t\t<div class=\"elementor-widget-container\">\n\t\t\t\t\t<h2 class=\"elementor-heading-title elementor-size-default\"><a href=\"https:\/\/hamburg.portugal.de\/pt\/portugal-in-hamburg\/bildung-kultur\/\">Bildung &amp; Kultur<\/a><\/h2>\t\t\t\t<\/div>\n\t\t\t\t<\/div>\n\t\t\t\t<div class=\"elementor-element elementor-element-52cea2f8 elementor-absolute elementor-invisible elementor-widget elementor-widget-heading\" data-id=\"52cea2f8\" data-element_type=\"widget\" data-e-type=\"widget\" data-settings=\"{&quot;_position&quot;:&quot;absolute&quot;,&quot;_animation&quot;:&quot;fadeIn&quot;,&quot;_animation_delay&quot;:100}\" data-widget_type=\"heading.default\">\n\t\t\t\t<div class=\"elementor-widget-container\">\n\t\t\t\t\t<div class=\"elementor-heading-title elementor-size-default\"><a href=\"https:\/\/hamburg.portugal.de\/pt\/portugal-in-hamburg\/bildung-kultur\/\">Escolas<\/a><\/div>\t\t\t\t<\/div>\n\t\t\t\t<\/div>\n\t\t\t\t\t<\/div>\n\t\t<\/div>\n\t\t\t\t<div class=\"elementor-column elementor-col-20 elementor-top-column elementor-element elementor-element-4fba1047\" data-id=\"4fba1047\" data-element_type=\"column\" data-e-type=\"column\">\n\t\t\t<div class=\"elementor-widget-wrap\">\n\t\t\t\t\t\t\t<\/div>\n\t\t<\/div>\n\t\t\t\t<div class=\"elementor-column elementor-col-20 elementor-top-column elementor-element elementor-element-2b6515e4\" data-id=\"2b6515e4\" data-element_type=\"column\" data-e-type=\"column\">\n\t\t\t<div class=\"elementor-widget-wrap elementor-element-populated\">\n\t\t\t\t\t\t<div class=\"elementor-element elementor-element-17db7ab5 elementor-widget elementor-widget-image\" data-id=\"17db7ab5\" data-element_type=\"widget\" data-e-type=\"widget\" data-settings=\"{&quot;_animation&quot;:&quot;none&quot;}\" data-widget_type=\"image.default\">\n\t\t\t\t<div class=\"elementor-widget-container\">\n\t\t\t\t\t\t\t\t\t\t\t\t\t\t\t\t<a href=\"https:\/\/hamburg.portugal.de\/pt\/portugal-in-hamburg\/andere\/\">\n\t\t\t\t\t\t\t<img loading=\"lazy\" decoding=\"async\" width=\"240\" height=\"360\" src=\"https:\/\/hamburg.portugal.de\/wp-content\/uploads\/2023\/08\/andere-1.png\" class=\"attachment-full size-full wp-image-1019\" alt=\"\" srcset=\"https:\/\/hamburg.portugal.de\/wp-content\/uploads\/2023\/08\/andere-1.png 240w, https:\/\/hamburg.portugal.de\/wp-content\/uploads\/2023\/08\/andere-1-200x300.png 200w, https:\/\/hamburg.portugal.de\/wp-content\/uploads\/2023\/08\/andere-1-8x12.png 8w\" sizes=\"100vw\" \/>\t\t\t\t\t\t\t\t<\/a>\n\t\t\t\t\t\t\t\t\t\t\t\t\t\t\t<\/div>\n\t\t\t\t<\/div>\n\t\t\t\t<div class=\"elementor-element elementor-element-3fcf8b6a elementor-absolute elementor-invisible elementor-widget elementor-widget-heading\" data-id=\"3fcf8b6a\" data-element_type=\"widget\" data-e-type=\"widget\" data-settings=\"{&quot;_position&quot;:&quot;absolute&quot;,&quot;_animation&quot;:&quot;fadeIn&quot;,&quot;_animation_delay&quot;:50}\" data-widget_type=\"heading.default\">\n\t\t\t\t<div class=\"elementor-widget-container\">\n\t\t\t\t\t<h2 class=\"elementor-heading-title elementor-size-default\"><a href=\"https:\/\/hamburg.portugal.de\/pt\/portugal-in-hamburg\/andere\/\">Diversos<\/a><\/h2>\t\t\t\t<\/div>\n\t\t\t\t<\/div>\n\t\t\t\t<div class=\"elementor-element elementor-element-bf76c56 elementor-absolute elementor-invisible elementor-widget elementor-widget-heading\" data-id=\"bf76c56\" data-element_type=\"widget\" data-e-type=\"widget\" data-settings=\"{&quot;_position&quot;:&quot;absolute&quot;,&quot;_animation&quot;:&quot;fadeIn&quot;,&quot;_animation_delay&quot;:100}\" data-widget_type=\"heading.default\">\n\t\t\t\t<div class=\"elementor-widget-container\">\n\t\t\t\t\t<div class=\"elementor-heading-title elementor-size-default\"><a href=\"https:\/\/hamburg.portugal.de\/pt\/portugal-in-hamburg\/andere\/\">Locais de Interesse<\/a><\/div>\t\t\t\t<\/div>\n\t\t\t\t<\/div>\n\t\t\t\t\t<\/div>\n\t\t<\/div>\n\t\t\t\t<div class=\"elementor-column elementor-col-20 elementor-top-column elementor-element elementor-element-4e3051e4\" data-id=\"4e3051e4\" data-element_type=\"column\" data-e-type=\"column\">\n\t\t\t<div class=\"elementor-widget-wrap elementor-element-populated\">\n\t\t\t\t\t\t<div class=\"elementor-element elementor-element-7b4e21f8 elementor-absolute elementor-invisible elementor-widget elementor-widget-heading\" data-id=\"7b4e21f8\" data-element_type=\"widget\" data-e-type=\"widget\" data-settings=\"{&quot;_position&quot;:&quot;absolute&quot;,&quot;_animation&quot;:&quot;fadeIn&quot;,&quot;_animation_delay&quot;:100}\" data-widget_type=\"heading.default\">\n\t\t\t\t<div class=\"elementor-widget-container\">\n\t\t\t\t\t<div class=\"elementor-heading-title elementor-size-default\"><a href=\"https:\/\/hamburg.portugal.de\/pt\/portugal-in-hamburg\/andere\/\">Locais de Interesse<\/a><\/div>\t\t\t\t<\/div>\n\t\t\t\t<\/div>\n\t\t\t\t\t<\/div>\n\t\t<\/div>\n\t\t\t\t\t<\/div>\n\t\t<\/section>\n\t\t\t\t<section class=\"elementor-section elementor-top-section elementor-element elementor-element-7245f85d elementor-section-boxed elementor-section-height-default elementor-section-height-default\" data-id=\"7245f85d\" data-element_type=\"section\" data-e-type=\"section\">\n\t\t\t\t\t\t<div class=\"elementor-container elementor-column-gap-default\">\n\t\t\t\t\t<div class=\"elementor-column elementor-col-100 elementor-top-column elementor-element elementor-element-1200d821\" data-id=\"1200d821\" data-element_type=\"column\" data-e-type=\"column\">\n\t\t\t<div class=\"elementor-widget-wrap elementor-element-populated\">\n\t\t\t\t\t\t<div class=\"elementor-element elementor-element-16a7cc0b elementor-align-center elementor-widget elementor-widget-button\" data-id=\"16a7cc0b\" data-element_type=\"widget\" data-e-type=\"widget\" data-widget_type=\"button.default\">\n\t\t\t\t<div class=\"elementor-widget-container\">\n\t\t\t\t\t\t\t\t\t<div class=\"elementor-button-wrapper\">\n\t\t\t\t\t<a class=\"elementor-button elementor-button-link elementor-size-sm elementor-animation-grow\" href=\"https:\/\/portugal.de\/\" target=\"_blank\">\n\t\t\t\t\t\t<span class=\"elementor-button-content-wrapper\">\n\t\t\t\t\t\t<span class=\"elementor-button-icon\">\n\t\t\t\t<i aria-hidden=\"true\" class=\"fas fa-arrow-left\"><\/i>\t\t\t<\/span>\n\t\t\t\t\t\t\t\t\t<span class=\"elementor-button-text\">Portugal na Alemanha<\/span>\n\t\t\t\t\t<\/span>\n\t\t\t\t\t<\/a>\n\t\t\t\t<\/div>\n\t\t\t\t\t\t\t\t<\/div>\n\t\t\t\t<\/div>\n\t\t\t\t\t<\/div>\n\t\t<\/div>\n\t\t\t\t\t<\/div>\n\t\t<\/section>\n\t\t\t\t<section class=\"elementor-section elementor-top-section elementor-element elementor-element-17389831 elementor-section-boxed elementor-section-height-default elementor-section-height-default\" data-id=\"17389831\" data-element_type=\"section\" data-e-type=\"section\">\n\t\t\t\t\t\t<div class=\"elementor-container elementor-column-gap-default\">\n\t\t\t\t\t<div class=\"elementor-column elementor-col-100 elementor-top-column elementor-element elementor-element-7e3c796e\" data-id=\"7e3c796e\" data-element_type=\"column\" data-e-type=\"column\">\n\t\t\t<div class=\"elementor-widget-wrap elementor-element-populated\">\n\t\t\t\t\t\t<div class=\"elementor-element elementor-element-4b0100f4 elementor-shape-circle elementor-grid-2 e-grid-align-center elementor-widget elementor-widget-social-icons\" data-id=\"4b0100f4\" data-element_type=\"widget\" data-e-type=\"widget\" data-widget_type=\"social-icons.default\">\n\t\t\t\t<div class=\"elementor-widget-container\">\n\t\t\t\t\t\t\t<div class=\"elementor-social-icons-wrapper elementor-grid\" role=\"list\">\n\t\t\t\t\t\t\t<span class=\"elementor-grid-item\" role=\"listitem\">\n\t\t\t\t\t<a class=\"elementor-icon elementor-social-icon elementor-social-icon-linkedin elementor-repeater-item-a20c2c8\" href=\"https:\/\/de.linkedin.com\/company\/aicep-portugalglobal-deutschland\" target=\"_blank\">\n\t\t\t\t\t\t<span class=\"elementor-screen-only\">Linkedin<\/span>\n\t\t\t\t\t\t<i aria-hidden=\"true\" class=\"fab fa-linkedin\"><\/i>\t\t\t\t\t<\/a>\n\t\t\t\t<\/span>\n\t\t\t\t\t\t\t<span class=\"elementor-grid-item\" role=\"listitem\">\n\t\t\t\t\t<a class=\"elementor-icon elementor-social-icon elementor-social-icon-envelope elementor-repeater-item-1505eb4\" href=\"mailto:aicep.berlin@portugalglobal.pt\" target=\"_blank\">\n\t\t\t\t\t\t<span class=\"elementor-screen-only\">Envelope<\/span>\n\t\t\t\t\t\t<i aria-hidden=\"true\" class=\"far fa-envelope\"><\/i>\t\t\t\t\t<\/a>\n\t\t\t\t<\/span>\n\t\t\t\t\t<\/div>\n\t\t\t\t\t\t<\/div>\n\t\t\t\t<\/div>\n\t\t\t\t\t<\/div>\n\t\t<\/div>\n\t\t\t\t\t<\/div>\n\t\t<\/section>\n\t\t\t\t<\/div>","protected":false},"excerpt":{"rendered":"<p>Netzwerk Instituitionen Investitionen Unternehmen Restaurants, Caf\u00e9s &#038; Lebensmittel Essen &#038; Trinken Sehensw\u00fcrdigkeiten Bildung &#038; Kultur Schulen Andere Sehensw\u00fcrdigkeiten Sehensw\u00fcrdigkeiten Portugal in Deutschland Linkedin Envelope<\/p>","protected":false},"author":2,"featured_media":12,"parent":0,"menu_order":0,"comment_status":"closed","ping_status":"closed","template":"","meta":{"inspiro_hide_title":false,"footnotes":""},"class_list":["post-13","page","type-page","status-publish","has-post-thumbnail","hentry"],"_links":{"self":[{"href":"https:\/\/hamburg.portugal.de\/pt\/wp-json\/wp\/v2\/pages\/13","targetHints":{"allow":["GET"]}}],"collection":[{"href":"https:\/\/hamburg.portugal.de\/pt\/wp-json\/wp\/v2\/pages"}],"about":[{"href":"https:\/\/hamburg.portugal.de\/pt\/wp-json\/wp\/v2\/types\/page"}],"author":[{"embeddable":true,"href":"https:\/\/hamburg.portugal.de\/pt\/wp-json\/wp\/v2\/users\/2"}],"replies":[{"embeddable":true,"href":"https:\/\/hamburg.portugal.de\/pt\/wp-json\/wp\/v2\/comments?post=13"}],"version-history":[{"count":41,"href":"https:\/\/hamburg.portugal.de\/pt\/wp-json\/wp\/v2\/pages\/13\/revisions"}],"predecessor-version":[{"id":1259,"href":"https:\/\/hamburg.portugal.de\/pt\/wp-json\/wp\/v2\/pages\/13\/revisions\/1259"}],"wp:featuredmedia":[{"embeddable":true,"href":"https:\/\/hamburg.portugal.de\/pt\/wp-json\/wp\/v2\/media\/12"}],"wp:attachment":[{"href":"https:\/\/hamburg.portugal.de\/pt\/wp-json\/wp\/v2\/media?parent=13"}],"curies":[{"name":"wp","href":"https:\/\/api.w.org\/{rel}","templated":true}]}}